{"id":96,"date":"2021-11-28T00:39:07","date_gmt":"2021-11-27T23:39:07","guid":{"rendered":"http:\/\/b-vouak.com\/?page_id=96"},"modified":"2021-11-28T13:08:20","modified_gmt":"2021-11-28T12:08:20","slug":"inscription-a-la-newsletter","status":"publish","type":"page","link":"https:\/\/b-vouak.com\/index.php\/inscription-a-la-newsletter\/","title":{"rendered":"Inscription \u00e0 la Newsletter"},"content":{"rendered":"\n<!-- Begin Sendinblue Form -->\n<!-- START - We recommend to place the below code in head tag of your website html  -->\n<style>\n  @font-face {\n    font-display: block;\n    font-family: Roboto;\n    src: url(https:\/\/assets.sendinblue.com\/font\/Roboto\/Latin\/normal\/normal\/7529907e9eaf8ebb5220c5f9850e3811.woff2) format(\"woff2\"), url(https:\/\/assets.sendinblue.com\/font\/Roboto\/Latin\/normal\/normal\/25c678feafdc175a70922a116c9be3e7.woff) format(\"woff\")\n  }\n\n  @font-face {\n    font-display: fallback;\n    font-family: Roboto;\n    font-weight: 600;\n    src: url(https:\/\/assets.sendinblue.com\/font\/Roboto\/Latin\/medium\/normal\/6e9caeeafb1f3491be3e32744bc30440.woff2) format(\"woff2\"), url(https:\/\/assets.sendinblue.com\/font\/Roboto\/Latin\/medium\/normal\/71501f0d8d5aa95960f6475d5487d4c2.woff) format(\"woff\")\n  }\n\n  @font-face {\n    font-display: fallback;\n    font-family: Roboto;\n    font-weight: 700;\n    src: url(https:\/\/assets.sendinblue.com\/font\/Roboto\/Latin\/bold\/normal\/3ef7cf158f310cf752d5ad08cd0e7e60.woff2) format(\"woff2\"), url(https:\/\/assets.sendinblue.com\/font\/Roboto\/Latin\/bold\/normal\/ece3a1d82f18b60bcce0211725c476aa.woff) format(\"woff\")\n  }\n\n  #sib-container input:-ms-input-placeholder {\n    text-align: left;\n    font-family: \"Helvetica\", sans-serif;\n    color: #c0ccda;\n  }\n\n  #sib-container input::placeholder {\n    text-align: left;\n    font-family: \"Helvetica\", sans-serif;\n    color: #c0ccda;\n  }\n\n  #sib-container textarea::placeholder {\n    text-align: left;\n    font-family: \"Helvetica\", sans-serif;\n    color: #c0ccda;\n  }\n<\/style>\n<link rel=\"stylesheet\" href=\"https:\/\/sibforms.com\/forms\/end-form\/build\/sib-styles.css\">\n<!--  END - We recommend to place the above code in head tag of your website html -->\n\n<!-- START - We recommend to place the below code where you want the form in your website html  -->\n<div class=\"sib-form\" style=\"text-align: center;\n                 background-image: url(https:\/\/img.mailinblue.com\/4059016\/images\/rnb\/original\/61a2c3d0f9af0f2e662ebde1.jpg);           background-size: cover;         background-repeat: no-repeat;         background-position: center center; \">\n  <div id=\"sib-form-container\" class=\"sib-form-container\">\n    <div id=\"error-message\" class=\"sib-form-message-panel\" style=\"font-size:16px; text-align:left; font-family:&quot;Helvetica&quot;, sans-serif; color:#661d1d; background-color:#ffeded; border-radius:3px; border-color:#ff4949;max-width:540px;\">\n      <div class=\"sib-form-message-panel__text sib-form-message-panel__text--center\">\n        <svg viewBox=\"0 0 512 512\" class=\"sib-icon sib-notification__icon\">\n          <path d=\"M256 40c118.621 0 216 96.075 216 216 0 119.291-96.61 216-216 216-119.244 0-216-96.562-216-216 0-119.203 96.602-216 216-216m0-32C119.043 8 8 119.083 8 256c0 136.997 111.043 248 248 248s248-111.003 248-248C504 119.083 392.957 8 256 8zm-11.49 120h22.979c6.823 0 12.274 5.682 11.99 12.5l-7 168c-.268 6.428-5.556 11.5-11.99 11.5h-8.979c-6.433 0-11.722-5.073-11.99-11.5l-7-168c-.283-6.818 5.167-12.5 11.99-12.5zM256 340c-15.464 0-28 12.536-28 28s12.536 28 28 28 28-12.536 28-28-12.536-28-28-28z\" \/>\n        <\/svg>\n        <span class=\"sib-form-message-panel__inner-text\">\n                          Nous n&#039;avons pas pu confirmer ton inscription.\n                      <\/span>\n      <\/div>\n    <\/div>\n    <div><\/div>\n    <div id=\"success-message\" class=\"sib-form-message-panel\" style=\"font-size:16px; text-align:left; font-family:&quot;Helvetica&quot;, sans-serif; color:#085229; background-color:#e7faf0; border-radius:3px; border-color:#13ce66;max-width:540px;\">\n      <div class=\"sib-form-message-panel__text sib-form-message-panel__text--center\">\n        <svg viewBox=\"0 0 512 512\" class=\"sib-icon sib-notification__icon\">\n          <path d=\"M256 8C119.033 8 8 119.033 8 256s111.033 248 248 248 248-111.033 248-248S392.967 8 256 8zm0 464c-118.664 0-216-96.055-216-216 0-118.663 96.055-216 216-216 118.664 0 216 96.055 216 216 0 118.663-96.055 216-216 216zm141.63-274.961L217.15 376.071c-4.705 4.667-12.303 4.637-16.97-.068l-85.878-86.572c-4.667-4.705-4.637-12.303.068-16.97l8.52-8.451c4.705-4.667 12.303-4.637 16.97.068l68.976 69.533 163.441-162.13c4.705-4.667 12.303-4.637 16.97.068l8.451 8.52c4.668 4.705 4.637 12.303-.068 16.97z\" \/>\n        <\/svg>\n        <span class=\"sib-form-message-panel__inner-text\">\n                          Ton inscription est confirm\u00e9e. Alors, il ne reste plus qu&#039;\u00e0 pr\u00e9parer ton sac \u00e0 dos on t&#039;envoie bient\u00f4t nos prochaines dates!\n                      <\/span>\n      <\/div>\n    <\/div>\n    <div><\/div>\n    <div id=\"sib-container\" class=\"sib-container--large sib-container--vertical\" style=\"text-align:center; background-color:rgba(255,255,255,1); max-width:540px; border-radius:3px; border-width:1px; border-color:#C0CCD9; border-style:solid;\">\n      <form id=\"sib-form\" method=\"POST\" action=\"https:\/\/5e5bc66c.sibforms.com\/serve\/MUIEAKm0OaccaJYyuKjUH-3C52ynOVAS39x23K6S_P5i33CkoJENHHGchZ0vq26Jlzd-6nUFRDBP-ccGp3emeO3inKPdFt2tBCv3r_7yFW8_yFCR7SLpvjSbypL9LNKMvNOFfvRqJ1QUioS3LZKjhu49u_Q68gpkUsOOhh9z9ylgPs940xAtUQlGQql02yp8a9SYdtZq19HtwVmA\" data-type=\"subscription\">\n        <div style=\"padding: 8px 0;\">\n          <div class=\"sib-form-block sib-image-form-block\" style=\"text-align: right\">\n            <img src=\"https:\/\/img.mailinblue.com\/4059016\/images\/rnb\/original\/61463b646e2a8f467960395c.png\" style=\"width: 100px;height: 100px;\" alt=\"Logo B vouaK\" title=\"Logo B vouaK\" \/>\n          <\/div>\n        <\/div>\n        <div style=\"padding: 8px 0;\">\n          <div class=\"sib-form-block\" style=\"font-size:32px; text-align:left; font-weight:700; font-family:&quot;Helvetica&quot;, sans-serif; color:#3C4858; background-color:transparent;\">\n            <p>Soyez toujours inform\u00e9s de nos plus belles aventures!<\/p>\n          <\/div>\n        <\/div>\n        <div style=\"padding: 8px 0;\">\n          <div class=\"sib-form-block\" style=\"font-size:16px; text-align:left; font-family:&quot;Helvetica&quot;, sans-serif; color:#3C4858; background-color:transparent;\">\n            <div class=\"sib-text-form-block\">\n              <p>Inscrivez-vous \u00e0 notre newsletter pour suivre nos actualit\u00e9s, nos nouvelles dates, participez m\u00eame \u00e0 la programmation!<\/p>\n            <\/div>\n          <\/div>\n        <\/div>\n        <div style=\"padding: 8px 0;\">\n          <div class=\"sib-input sib-form-block\">\n            <div class=\"form__entry entry_block\">\n              <div class=\"form__label-row \">\n                <label class=\"entry__label\" style=\"font-size:16px; text-align:left; font-weight:700; font-family:&quot;Helvetica&quot;, sans-serif; color:#3c4858;\" for=\"EMAIL\" data-required=\"*\">\n                  Veuillez renseigner votre adresse email pour vous inscrire\n                <\/label>\n\n                <div class=\"entry__field\">\n                  <input class=\"input\" type=\"text\" id=\"EMAIL\" name=\"EMAIL\" autocomplete=\"off\" placeholder=\"EMAIL\" data-required=\"true\" required \/>\n                <\/div>\n              <\/div>\n\n              <label class=\"entry__error entry__error--primary\" style=\"font-size:16px; text-align:left; font-family:&quot;Helvetica&quot;, sans-serif; color:#661d1d; background-color:#ffeded; border-radius:3px; border-color:#ff4949;\">\n              <\/label>\n              <label class=\"entry__specification\" style=\"font-size:12px; text-align:left; font-family:&quot;Helvetica&quot;, sans-serif; color:#8390A4;\">\n                Veuillez renseigner votre adresse email pour vous inscrire. Ex. : abc@xyz.com\n              <\/label>\n            <\/div>\n          <\/div>\n        <\/div>\n        <div style=\"padding: 8px 0;\">\n          <div class=\"sib-input sib-form-block\">\n            <div class=\"form__entry entry_block\">\n              <div class=\"form__label-row \">\n                <label class=\"entry__label\" style=\"font-size:16px; text-align:left; font-weight:700; font-family:&quot;Helvetica&quot;, sans-serif; color:#3c4858;\" for=\"PRENOM\" data-required=\"*\">\n                  Entrez votre PRENOM\n                <\/label>\n\n                <div class=\"entry__field\">\n                  <input class=\"input\" maxlength=\"200\" type=\"text\" id=\"PRENOM\" name=\"PRENOM\" autocomplete=\"off\" placeholder=\"PRENOM\" data-required=\"true\" required \/>\n                <\/div>\n              <\/div>\n\n              <label class=\"entry__error entry__error--primary\" style=\"font-size:16px; text-align:left; font-family:&quot;Helvetica&quot;, sans-serif; color:#661d1d; background-color:#ffeded; border-radius:3px; border-color:#ff4949;\">\n              <\/label>\n              <label class=\"entry__specification\" style=\"font-size:12px; text-align:left; font-family:&quot;Helvetica&quot;, sans-serif; color:#8390A4;\">\n                .\n              <\/label>\n            <\/div>\n          <\/div>\n        <\/div>\n        <div style=\"padding: 8px 0;\">\n          <div class=\"sib-input sib-form-block\">\n            <div class=\"form__entry entry_block\">\n              <div class=\"form__label-row \">\n                <label class=\"entry__label\" style=\"font-size:16px; text-align:left; font-weight:700; font-family:&quot;Helvetica&quot;, sans-serif; color:#3c4858;\" for=\"NOM\" data-required=\"*\">\n                  Entrez votre NOM\n                <\/label>\n\n                <div class=\"entry__field\">\n                  <input class=\"input\" maxlength=\"200\" type=\"text\" id=\"NOM\" name=\"NOM\" autocomplete=\"off\" placeholder=\"NOM\" data-required=\"true\" required \/>\n                <\/div>\n              <\/div>\n\n              <label class=\"entry__error entry__error--primary\" style=\"font-size:16px; text-align:left; font-family:&quot;Helvetica&quot;, sans-serif; color:#661d1d; background-color:#ffeded; border-radius:3px; border-color:#ff4949;\">\n              <\/label>\n              <label class=\"entry__specification\" style=\"font-size:12px; text-align:left; font-family:&quot;Helvetica&quot;, sans-serif; color:#8390A4;\">\n                Personnalisez ce texte d&#039;aide facultatif avant de publier votre formulaire..\n              <\/label>\n            <\/div>\n          <\/div>\n        <\/div>\n        <div style=\"padding: 8px 0;\">\n          <div class=\"sib-optin sib-form-block\">\n            <div class=\"form__entry entry_mcq\">\n              <div class=\"form__label-row \">\n                <div class=\"entry__choice\">\n                  <label>\n                    <input type=\"checkbox\" class=\"input_replaced\" value=\"1\" id=\"OPT_IN\" name=\"OPT_IN\" \/>\n                    <span class=\"checkbox checkbox_tick_positive\"><\/span><span style=\"font-size:14px; text-align:left; font-family:&quot;Helvetica&quot;, sans-serif; color:#3C4858; background-color:transparent;\"><p>J&rsquo;accepte de recevoir vos e-mails et confirme avoir pris connaissance de votre politique de confidentialit\u00e9 et mentions l\u00e9gales.<\/p><\/span> <\/label>\n                <\/div>\n              <\/div>\n              <label class=\"entry__error entry__error--primary\" style=\"font-size:16px; text-align:left; font-family:&quot;Helvetica&quot;, sans-serif; color:#661d1d; background-color:#ffeded; border-radius:3px; border-color:#ff4949;\">\n              <\/label>\n              <label class=\"entry__specification\" style=\"font-size:12px; text-align:left; font-family:&quot;Helvetica&quot;, sans-serif; color:#8390A4;\">\n                Vous pouvez vous d\u00e9sinscrire \u00e0 tout moment en cliquant sur le lien pr\u00e9sent dans nos emails.\n              <\/label>\n            <\/div>\n          <\/div>\n        <\/div>\n        <div style=\"padding: 8px 0;\">\n          <div class=\"sib-form__declaration\">\n            <div class=\"declaration-block-icon\">\n              <svg class=\"icon__SVG\" width=\"0\" height=\"0\" version=\"1.1\" xmlns=\"http:\/\/www.w3.org\/2000\/svg\">\n                <defs>\n                  <symbol id=\"svgIcon-sphere\" viewBox=\"0 0 63 63\">\n                    <path class=\"path1\" d=\"M31.54 0l1.05 3.06 3.385-.01-2.735 1.897 1.05 3.042-2.748-1.886-2.738 1.886 1.044-3.05-2.745-1.897h3.393zm13.97 3.019L46.555 6.4l3.384.01-2.743 2.101 1.048 3.387-2.752-2.1-2.752 2.1 1.054-3.382-2.745-2.105h3.385zm9.998 10.056l1.039 3.382h3.38l-2.751 2.1 1.05 3.382-2.744-2.091-2.743 2.091 1.054-3.381-2.754-2.1h3.385zM58.58 27.1l1.04 3.372h3.379l-2.752 2.096 1.05 3.387-2.744-2.091-2.75 2.092 1.054-3.387-2.747-2.097h3.376zm-3.076 14.02l1.044 3.364h3.385l-2.743 2.09 1.05 3.392-2.744-2.097-2.743 2.097 1.052-3.377-2.752-2.117 3.385-.01zm-9.985 9.91l1.045 3.364h3.393l-2.752 2.09 1.05 3.393-2.745-2.097-2.743 2.097 1.05-3.383-2.751-2.1 3.384-.01zM31.45 55.01l1.044 3.043 3.393-.008-2.752 1.9L34.19 63l-2.744-1.895-2.748 1.891 1.054-3.05-2.743-1.9h3.384zm-13.934-3.98l1.036 3.364h3.402l-2.752 2.09 1.053 3.393-2.747-2.097-2.752 2.097 1.053-3.382-2.743-2.1 3.384-.01zm-9.981-9.91l1.045 3.364h3.398l-2.748 2.09 1.05 3.392-2.753-2.1-2.752 2.096 1.053-3.382-2.743-2.102 3.384-.009zM4.466 27.1l1.038 3.372H8.88l-2.752 2.097 1.053 3.387-2.743-2.09-2.748 2.09 1.053-3.387L0 30.472h3.385zm3.069-14.025l1.045 3.382h3.395L9.23 18.56l1.05 3.381-2.752-2.09-2.752 2.09 1.053-3.381-2.744-2.1h3.384zm9.99-10.056L18.57 6.4l3.393.01-2.743 2.1 1.05 3.373-2.754-2.092-2.751 2.092 1.053-3.382-2.744-2.1h3.384zm24.938 19.394l-10-4.22a2.48 2.48 0 00-1.921 0l-10 4.22A2.529 2.529 0 0019 24.75c0 10.47 5.964 17.705 11.537 20.057a2.48 2.48 0 001.921 0C36.921 42.924 44 36.421 44 24.75a2.532 2.532 0 00-1.537-2.336zm-2.46 6.023l-9.583 9.705a.83.83 0 01-1.177 0l-5.416-5.485a.855.855 0 010-1.192l1.177-1.192a.83.83 0 011.177 0l3.65 3.697 7.819-7.916a.83.83 0 011.177 0l1.177 1.191a.843.843 0 010 1.192z\" fill=\"#0092FF\"><\/path>\n                  <\/symbol>\n                <\/defs>\n              <\/svg>\n              <svg class=\"svgIcon-sphere\" style=\"width:63px; height:63px;\">\n                <use xlink:href=\"#svgIcon-sphere\"><\/use>\n              <\/svg>\n            <\/div>\n            <p style=\"font-size:14px; text-align:left; font-family:&quot;Helvetica&quot;, sans-serif; color:#687484; background-color:transparent;\">\n              Nous utilisons Sendinblue en tant que plateforme marketing. En soumettant ce formulaire, vous reconnaissez que les informations que vous allez fournir seront transmises \u00e0 Sendinblue en sa qualit\u00e9 de processeur de donn\u00e9es; et ce conform\u00e9ment \u00e0 ses <a target=\"_blank\" class=\"clickable_link\" href=\"https:\/\/fr.sendinblue.com\/legal\/termsofuse\/\" rel=\"noopener noreferrer\">conditions g\u00e9n\u00e9rales d&rsquo;utilisation<\/a>.\n            <\/p>\n          <\/div>\n\n        <\/div>\n        <div style=\"padding: 8px 0;\">\n          <div class=\"sib-captcha sib-form-block\">\n            <div class=\"form__entry entry_block\">\n              <div class=\"form__label-row \">\n                <script>\n                  function handleCaptchaResponse() {\n                    var event = new Event('captchaChange');\n                    document.getElementById('sib-captcha').dispatchEvent(event);\n                  }\n                <\/script>\n                <div class=\"g-recaptcha sib-visible-recaptcha\" id=\"sib-captcha\" data-sitekey=\"6LcYQ2MdAAAAANk7Vwn17RBsgnUcaUBFs0VB653Y\" data-callback=\"handleCaptchaResponse\"><\/div>\n              <\/div>\n              <label class=\"entry__error entry__error--primary\" style=\"font-size:16px; text-align:left; font-family:&quot;Helvetica&quot;, sans-serif; color:#661d1d; background-color:#ffeded; border-radius:3px; border-color:#ff4949;\">\n              <\/label>\n            <\/div>\n          <\/div>\n        <\/div>\n        <div style=\"padding: 8px 0;\">\n          <div class=\"sib-form-block\" style=\"text-align: left\">\n            <button class=\"sib-form-block__button sib-form-block__button-with-loader\" style=\"font-size:16px; text-align:left; font-weight:700; font-family:&quot;Helvetica&quot;, sans-serif; color:#FFFFFF; background-color:#3E4857; border-radius:3px; border-width:0px;\" form=\"sib-form\" type=\"submit\">\n              <svg class=\"icon clickable__icon progress-indicator__icon sib-hide-loader-icon\" viewBox=\"0 0 512 512\">\n                <path d=\"M460.116 373.846l-20.823-12.022c-5.541-3.199-7.54-10.159-4.663-15.874 30.137-59.886 28.343-131.652-5.386-189.946-33.641-58.394-94.896-95.833-161.827-99.676C261.028 55.961 256 50.751 256 44.352V20.309c0-6.904 5.808-12.337 12.703-11.982 83.556 4.306 160.163 50.864 202.11 123.677 42.063 72.696 44.079 162.316 6.031 236.832-3.14 6.148-10.75 8.461-16.728 5.01z\" \/>\n              <\/svg>\n              S&#039;INSCRIRE\n            <\/button>\n          <\/div>\n        <\/div>\n\n        <input type=\"text\" name=\"email_address_check\" value=\"\" class=\"input--hidden\">\n        <input type=\"hidden\" name=\"locale\" value=\"fr\">\n      <\/form>\n    <\/div>\n  <\/div>\n<\/div>\n<!-- END - We recommend to place the below code where you want the form in your website html  -->\n\n<!-- START - We recommend to place the below code in footer or bottom of your website html  -->\n<script>\n  window.REQUIRED_CODE_ERROR_MESSAGE = 'Veuillez choisir un code pays';\n  window.LOCALE = 'fr';\n  window.EMAIL_INVALID_MESSAGE = window.SMS_INVALID_MESSAGE = \"Les informations que tu as fournies ne sont pas valides. Merci de v\u00e9rifier le format du champ et r\u00e9essayer.\";\n\n  window.REQUIRED_ERROR_MESSAGE = \"Pour une exp\u00e9rience plus personnalis\u00e9e il faut renseigner ce champ. \";\n\n  window.GENERIC_INVALID_MESSAGE = \"Les informations que tu as fournies ne sont pas valides. Merci de v\u00e9rifier le format du champ et r\u00e9essayer.\";\n\n\n\n\n  window.translation = {\n    common: {\n      selectedList: '{quantity} liste s\u00e9lectionn\u00e9e',\n      selectedLists: '{quantity} listes s\u00e9lectionn\u00e9es'\n    }\n  };\n\n  var AUTOHIDE = Boolean(0);\n<\/script>\n<script src=\"https:\/\/sibforms.com\/forms\/end-form\/build\/main.js\"><\/script>\n\n<script src=\"https:\/\/www.google.com\/recaptcha\/api.js?hl=fr\"><\/script>\n\n<!-- END - We recommend to place the above code in footer or bottom of your website html  -->\n<!-- End Sendinblue Form -->\n","protected":false},"excerpt":{"rendered":"<p>Nous n&#039;avons pas pu confirmer ton inscription. Ton inscription est confirm\u00e9e. Alors, il ne reste plus qu&#039;\u00e0 pr\u00e9parer ton sac \u00e0 dos on t&#039;envoie bient\u00f4t nos prochaines dates! Soyez toujours inform\u00e9s de nos plus belles aventures! Inscrivez-vous \u00e0 notre newsletter pour suivre nos actualit\u00e9s, nos nouvelles dates, participez m\u00eame \u00e0 la programmation! Veuillez renseigner votre <a class=\"more-link\" href=\"https:\/\/b-vouak.com\/index.php\/inscription-a-la-newsletter\/\">Lire plus &#8230;<\/a><\/p>\n","protected":false},"author":1,"featured_media":0,"parent":0,"menu_order":0,"comment_status":"closed","ping_status":"closed","template":"","meta":[],"yoast_head":"<!-- This site is optimized with the Yoast SEO plugin v17.8 - https:\/\/yoast.com\/wordpress\/plugins\/seo\/ -->\n<title>Inscription \u00e0 la Newsletter - B vouaK<\/title>\n<meta name=\"robots\" content=\"index, follow, max-snippet:-1, max-image-preview:large, max-video-preview:-1\" \/>\n<link rel=\"canonical\" href=\"https:\/\/b-vouak.com\/index.php\/inscription-a-la-newsletter\/\" \/>\n<meta property=\"og:locale\" content=\"fr_FR\" \/>\n<meta property=\"og:type\" content=\"article\" \/>\n<meta property=\"og:title\" content=\"Inscription \u00e0 la Newsletter - B vouaK\" \/>\n<meta property=\"og:description\" content=\"Nous n&#039;avons pas pu confirmer ton inscription. Ton inscription est confirm\u00e9e. Alors, il ne reste plus qu&#039;\u00e0 pr\u00e9parer ton sac \u00e0 dos on t&#039;envoie bient\u00f4t nos prochaines dates! Soyez toujours inform\u00e9s de nos plus belles aventures! Inscrivez-vous \u00e0 notre newsletter pour suivre nos actualit\u00e9s, nos nouvelles dates, participez m\u00eame \u00e0 la programmation! Veuillez renseigner votre Lire plus ...\" \/>\n<meta property=\"og:url\" content=\"https:\/\/b-vouak.com\/index.php\/inscription-a-la-newsletter\/\" \/>\n<meta property=\"og:site_name\" content=\"B vouaK\" \/>\n<meta property=\"article:modified_time\" content=\"2021-11-28T12:08:20+00:00\" \/>\n<meta property=\"og:image\" content=\"https:\/\/img.mailinblue.com\/4059016\/images\/rnb\/original\/61463b646e2a8f467960395c.png\" \/>\n<meta name=\"twitter:card\" content=\"summary_large_image\" \/>\n<meta name=\"twitter:label1\" content=\"Dur\u00e9e de lecture estim\u00e9e\" \/>\n\t<meta name=\"twitter:data1\" content=\"1 minute\" \/>\n<script type=\"application\/ld+json\" class=\"yoast-schema-graph\">{\"@context\":\"https:\/\/schema.org\",\"@graph\":[{\"@type\":\"WebSite\",\"@id\":\"https:\/\/b-vouak.com\/#website\",\"url\":\"https:\/\/b-vouak.com\/\",\"name\":\"B vouaK\",\"description\":\"Cr\\u00e9ateurs d&#039;aventure\",\"potentialAction\":[{\"@type\":\"SearchAction\",\"target\":{\"@type\":\"EntryPoint\",\"urlTemplate\":\"https:\/\/b-vouak.com\/?s={search_term_string}\"},\"query-input\":\"required name=search_term_string\"}],\"inLanguage\":\"fr-FR\"},{\"@type\":\"ImageObject\",\"@id\":\"https:\/\/b-vouak.com\/index.php\/inscription-a-la-newsletter\/#primaryimage\",\"inLanguage\":\"fr-FR\",\"url\":\"https:\/\/img.mailinblue.com\/4059016\/images\/rnb\/original\/61463b646e2a8f467960395c.png\",\"contentUrl\":\"https:\/\/img.mailinblue.com\/4059016\/images\/rnb\/original\/61463b646e2a8f467960395c.png\"},{\"@type\":\"WebPage\",\"@id\":\"https:\/\/b-vouak.com\/index.php\/inscription-a-la-newsletter\/#webpage\",\"url\":\"https:\/\/b-vouak.com\/index.php\/inscription-a-la-newsletter\/\",\"name\":\"Inscription \\u00e0 la Newsletter - B vouaK\",\"isPartOf\":{\"@id\":\"https:\/\/b-vouak.com\/#website\"},\"primaryImageOfPage\":{\"@id\":\"https:\/\/b-vouak.com\/index.php\/inscription-a-la-newsletter\/#primaryimage\"},\"datePublished\":\"2021-11-27T23:39:07+00:00\",\"dateModified\":\"2021-11-28T12:08:20+00:00\",\"breadcrumb\":{\"@id\":\"https:\/\/b-vouak.com\/index.php\/inscription-a-la-newsletter\/#breadcrumb\"},\"inLanguage\":\"fr-FR\",\"potentialAction\":[{\"@type\":\"ReadAction\",\"target\":[\"https:\/\/b-vouak.com\/index.php\/inscription-a-la-newsletter\/\"]}]},{\"@type\":\"BreadcrumbList\",\"@id\":\"https:\/\/b-vouak.com\/index.php\/inscription-a-la-newsletter\/#breadcrumb\",\"itemListElement\":[{\"@type\":\"ListItem\",\"position\":1,\"name\":\"Accueil\",\"item\":\"https:\/\/b-vouak.com\/\"},{\"@type\":\"ListItem\",\"position\":2,\"name\":\"Inscription \\u00e0 la Newsletter\"}]}]}<\/script>\n<!-- \/ Yoast SEO plugin. -->","yoast_head_json":{"title":"Inscription \u00e0 la Newsletter - B vouaK","robots":{"index":"index","follow":"follow","max-snippet":"max-snippet:-1","max-image-preview":"max-image-preview:large","max-video-preview":"max-video-preview:-1"},"canonical":"https:\/\/b-vouak.com\/index.php\/inscription-a-la-newsletter\/","og_locale":"fr_FR","og_type":"article","og_title":"Inscription \u00e0 la Newsletter - B vouaK","og_description":"Nous n&#039;avons pas pu confirmer ton inscription. Ton inscription est confirm\u00e9e. Alors, il ne reste plus qu&#039;\u00e0 pr\u00e9parer ton sac \u00e0 dos on t&#039;envoie bient\u00f4t nos prochaines dates! Soyez toujours inform\u00e9s de nos plus belles aventures! Inscrivez-vous \u00e0 notre newsletter pour suivre nos actualit\u00e9s, nos nouvelles dates, participez m\u00eame \u00e0 la programmation! Veuillez renseigner votre Lire plus ...","og_url":"https:\/\/b-vouak.com\/index.php\/inscription-a-la-newsletter\/","og_site_name":"B vouaK","article_modified_time":"2021-11-28T12:08:20+00:00","og_image":[{"url":"https:\/\/img.mailinblue.com\/4059016\/images\/rnb\/original\/61463b646e2a8f467960395c.png"}],"twitter_card":"summary_large_image","twitter_misc":{"Dur\u00e9e de lecture estim\u00e9e":"1 minute"},"schema":{"@context":"https:\/\/schema.org","@graph":[{"@type":"WebSite","@id":"https:\/\/b-vouak.com\/#website","url":"https:\/\/b-vouak.com\/","name":"B vouaK","description":"Cr\u00e9ateurs d&#039;aventure","potentialAction":[{"@type":"SearchAction","target":{"@type":"EntryPoint","urlTemplate":"https:\/\/b-vouak.com\/?s={search_term_string}"},"query-input":"required name=search_term_string"}],"inLanguage":"fr-FR"},{"@type":"ImageObject","@id":"https:\/\/b-vouak.com\/index.php\/inscription-a-la-newsletter\/#primaryimage","inLanguage":"fr-FR","url":"https:\/\/img.mailinblue.com\/4059016\/images\/rnb\/original\/61463b646e2a8f467960395c.png","contentUrl":"https:\/\/img.mailinblue.com\/4059016\/images\/rnb\/original\/61463b646e2a8f467960395c.png"},{"@type":"WebPage","@id":"https:\/\/b-vouak.com\/index.php\/inscription-a-la-newsletter\/#webpage","url":"https:\/\/b-vouak.com\/index.php\/inscription-a-la-newsletter\/","name":"Inscription \u00e0 la Newsletter - B vouaK","isPartOf":{"@id":"https:\/\/b-vouak.com\/#website"},"primaryImageOfPage":{"@id":"https:\/\/b-vouak.com\/index.php\/inscription-a-la-newsletter\/#primaryimage"},"datePublished":"2021-11-27T23:39:07+00:00","dateModified":"2021-11-28T12:08:20+00:00","breadcrumb":{"@id":"https:\/\/b-vouak.com\/index.php\/inscription-a-la-newsletter\/#breadcrumb"},"inLanguage":"fr-FR","potentialAction":[{"@type":"ReadAction","target":["https:\/\/b-vouak.com\/index.php\/inscription-a-la-newsletter\/"]}]},{"@type":"BreadcrumbList","@id":"https:\/\/b-vouak.com\/index.php\/inscription-a-la-newsletter\/#breadcrumb","itemListElement":[{"@type":"ListItem","position":1,"name":"Accueil","item":"https:\/\/b-vouak.com\/"},{"@type":"ListItem","position":2,"name":"Inscription \u00e0 la Newsletter"}]}]}},"_links":{"self":[{"href":"https:\/\/b-vouak.com\/index.php\/wp-json\/wp\/v2\/pages\/96"}],"collection":[{"href":"https:\/\/b-vouak.com\/index.php\/wp-json\/wp\/v2\/pages"}],"about":[{"href":"https:\/\/b-vouak.com\/index.php\/wp-json\/wp\/v2\/types\/page"}],"author":[{"embeddable":true,"href":"https:\/\/b-vouak.com\/index.php\/wp-json\/wp\/v2\/users\/1"}],"replies":[{"embeddable":true,"href":"https:\/\/b-vouak.com\/index.php\/wp-json\/wp\/v2\/comments?post=96"}],"version-history":[{"count":7,"href":"https:\/\/b-vouak.com\/index.php\/wp-json\/wp\/v2\/pages\/96\/revisions"}],"predecessor-version":[{"id":146,"href":"https:\/\/b-vouak.com\/index.php\/wp-json\/wp\/v2\/pages\/96\/revisions\/146"}],"wp:attachment":[{"href":"https:\/\/b-vouak.com\/index.php\/wp-json\/wp\/v2\/media?parent=96"}],"curies":[{"name":"wp","href":"https:\/\/api.w.org\/{rel}","templated":true}]}}