{"id":419,"date":"2022-11-23T10:08:38","date_gmt":"2022-11-23T09:08:38","guid":{"rendered":"https:\/\/b-vouak.com\/?page_id=419"},"modified":"2022-11-23T10:09:14","modified_gmt":"2022-11-23T09:09:14","slug":"stage-bivouac-1ere-partie-bivouac-et-campement-copy","status":"publish","type":"page","link":"https:\/\/b-vouak.com\/index.php\/stage-bivouac-1ere-partie-bivouac-et-campement-copy\/","title":{"rendered":"Stage bivouac &#8211; 2eme partie Survie douce et minimalisme"},"content":{"rendered":"\n<h1>\n\t\tStage bivouac &#8211; 2eme partie\n\t<\/h1>\n\t<strong>7 et 8 octobre 2023, Viroinval<br>\n<\/strong>\n\t<ul>\n<li>N&#8217;emportez que l&rsquo;essentiel et portez moins<\/li>\n<li>D\u00e9couvrez le go\u00fbt des plantes sauvages<\/li>\n<li>Randonnez en harmonie avec votre environnement<\/li>\n<\/ul>\n\t\t\t<a href=\"#reserver\" target=\"_self\" role=\"button\" rel=\"noopener\">\n\t\t\t\t\t\tJe r\u00e9serve!\n\t\t\t\t\t<\/a>\n\t\t\t<a href=\"#infos\" target=\"_self\" role=\"button\" rel=\"noopener\">\n\t\t\t\t\t\tPlus d&rsquo;infos\n\t\t\t\t\t<\/a>\n\t\t\t\t<img loading=\"lazy\" src=\"https:\/\/b-vouak.com\/wp-content\/uploads\/2021\/11\/17092017-P9170059.jpg\" alt=\"OLYMPUS DIGITAL CAMERA\" itemprop=\"image\" title=\"OLYMPUS DIGITAL CAMERA\" onerror=\"this.style.display='none'\" width=\"1000\" height=\"750\">\n<h2>\n\t\tLes points forts\n\t<\/h2>\n\t<ul>\n<li>Une exp\u00e9rience en communaut\u00e9<\/li>\n<li>Nombreuses recettes de randonn\u00e9es \u00e0 tester<\/li>\n<li>D\u00e9couverte des saveurs des plantes sauvages<\/li>\n<li>Une exp\u00e9rience en for\u00eat au moyen de vos 5 sens<\/li>\n<li>Tentez la d\u00e9connexion num\u00e9rique!<\/li>\n<\/ul>\n<h2>\n\t\tInfos pratiques\n\t<\/h2>\n\t<ul>\n<li>Le 7 et 8 octobre 2023<\/li>\n<li>Rendez-vous \u00e0 Olloy-sur-Viroin le samedi \u00e0 08h30<\/li>\n<li>Prix : 150\u20ac par personne<\/li>\n<li>Niveau : D\u00e9butant<\/li>\n<\/ul>\n<h2>\n\t\tProgramme du weekend\n\t<\/h2>\n\t\t\t\t<img loading=\"lazy\" src=\"https:\/\/b-vouak.com\/wp-content\/uploads\/2021\/11\/20814906_758590127645500_740493650_n.jpg\" alt=\"20814906_758590127645500_740493650_n\" itemprop=\"image\" title=\"20814906_758590127645500_740493650_n\" onerror=\"this.style.display='none'\" width=\"1000\" height=\"750\">\n\t\t\t\t<img loading=\"lazy\" src=\"https:\/\/b-vouak.com\/wp-content\/uploads\/2021\/11\/P8260172.jpg\" alt=\"P8260172\" itemprop=\"image\" title=\"P8260172\" onerror=\"this.style.display='none'\" width=\"1000\" height=\"750\">\n\t\t\t\t<img loading=\"lazy\" src=\"https:\/\/b-vouak.com\/wp-content\/uploads\/2021\/11\/P8130148.jpg\" alt=\"OLYMPUS DIGITAL CAMERA\" itemprop=\"image\" title=\"OLYMPUS DIGITAL CAMERA\" onerror=\"this.style.display='none'\" width=\"1000\" height=\"750\">\n<h2>\n\t\tStage bivouac 2023\n\t<\/h2>\n\t<p>Une des nouveaut\u00e9s de la saison 2023!<\/p>\n<p>Ce stage en deux parties (Bushcraft et Survie douce) va vous permettre d&rsquo;explorer 2 facettes d&rsquo;un m\u00eame savoir ancestral : la vie en Nature. <strong>Le \u00ab&nbsp;bushcraft&nbsp;\u00bb c&rsquo;est apprendre \u00e0 utiliser les ressources naturelles pour vivre en pleine nature, la survie douce c&rsquo;est apprendre \u00e0 voyager en harmonie avec ce que la Nature propose et le minimalisme cherche \u00e0 limiter ce qu&rsquo;on emporte \u00e0 l&rsquo;essentiel.<\/strong> Nous aborderons ici la partie survie douce et minimalisme.<\/p>\n<p>Avant le d\u00e9part vous recevrez une liste du mat\u00e9riel indispensable ainsi qu&rsquo;un mini-guide pour vous aider \u00e0 faire un 1er tri dans votre sac \u00e0 dos. Nous n&#8217;emporterons qu&rsquo;un peu de farine et d&rsquo;huile comme nourriture et nous essaierons de trouver le reste de notre alimentation en chemin. Vous y apprendrez \u00e0 reconna\u00eetre quelques plantes comestibles essentielle, \u00e0 utiliser des recettes simples (et gouteuses!) et nous aborderons les barri\u00e8res psychologiques qui nous poussent \u00e0 remplir notre sac \u00e0 dos de choses inutiles.<\/p>\n<p><strong>Attention il ne s&rsquo;agit pas ici d&rsquo;un weekend de randonn\u00e9e ou de survie,<\/strong> nous marcherons un peu mais le weekend sera surtout ax\u00e9 sur l&rsquo;utilisation des techniques de survie douce dans le cadre de la randonn\u00e9e.<\/p>\n<h2>\n\t\tR\u00e9server\n\t<\/h2>\n\t<a title=\"Logiciel billetterie en ligne\" href=\"https:\/\/weezevent.com\/?c=sys_widget\" data-src=\"https:\/\/widget.weezevent.com\/ticket\/E914575\/?code=33924&amp;locale=fr-FR&amp;width_auto=1&amp;color_primary=00AEEF\" data-width=\"650\" data-height=\"600\" data-id=\"914575\" data-resize=\"1\" data-width_auto=\"1\" data-noscroll=\"0\" data-use-container=\"yes\" data-type=\"neo\" target=\"_blank\" rel=\"noopener\">Billetterie Weezevent<\/a>\n<h2>\n\t\tNe tra\u00eenez pas, il n&rsquo;y a que 10 places!\n\t<\/h2>\n\t<p>Afin de garantir une exp\u00e9rience la plus personnalis\u00e9e possible nous limitons le nombre de participants. Vous avez ainsi la garantie de pouvoir r\u00e9pondre \u00e0 toutes les questions que vous pourrez vous poser.<\/p>\n\t\t\t<a href=\"#reserver\" target=\"_self\" role=\"button\" rel=\"noopener\">\n\t\t\t\t\t\t\tJe r\u00e9serve maintenant!\n\t\t\t<\/a>\n","protected":false},"excerpt":{"rendered":"<p>Stage bivouac &#8211; 2eme partie 7 et 8 octobre 2023, Viroinval N&#8217;emportez que l&rsquo;essentiel et portez moins D\u00e9couvrez le go\u00fbt des plantes sauvages Randonnez en harmonie avec votre environnement Je r\u00e9serve! Plus d&rsquo;infos Les points forts Une exp\u00e9rience en communaut\u00e9 Nombreuses recettes de randonn\u00e9es \u00e0 tester D\u00e9couverte des saveurs des plantes sauvages Une exp\u00e9rience en <a class=\"more-link\" href=\"https:\/\/b-vouak.com\/index.php\/stage-bivouac-1ere-partie-bivouac-et-campement-copy\/\">Lire plus &#8230;<\/a><\/p>\n","protected":false},"author":1,"featured_media":325,"parent":0,"menu_order":0,"comment_status":"closed","ping_status":"closed","template":"","meta":[],"yoast_head":"<!-- This site is optimized with the Yoast SEO plugin v17.8 - https:\/\/yoast.com\/wordpress\/plugins\/seo\/ -->\n<title>Stage bivouac - 2eme partie Survie douce et minimalisme - B vouaK<\/title>\n<meta name=\"robots\" content=\"index, follow, max-snippet:-1, max-image-preview:large, max-video-preview:-1\" \/>\n<link rel=\"canonical\" href=\"https:\/\/b-vouak.com\/index.php\/stage-bivouac-1ere-partie-bivouac-et-campement-copy\/\" \/>\n<meta property=\"og:locale\" content=\"fr_FR\" \/>\n<meta property=\"og:type\" content=\"article\" \/>\n<meta property=\"og:title\" content=\"Stage bivouac - 2eme partie Survie douce et minimalisme - B vouaK\" \/>\n<meta property=\"og:description\" content=\"Stage bivouac &#8211; 2eme partie 7 et 8 octobre 2023, Viroinval N&#8217;emportez que l&rsquo;essentiel et portez moins D\u00e9couvrez le go\u00fbt des plantes sauvages Randonnez en harmonie avec votre environnement Je r\u00e9serve! Plus d&rsquo;infos Les points forts Une exp\u00e9rience en communaut\u00e9 Nombreuses recettes de randonn\u00e9es \u00e0 tester D\u00e9couverte des saveurs des plantes sauvages Une exp\u00e9rience en Lire plus ...\" \/>\n<meta property=\"og:url\" content=\"https:\/\/b-vouak.com\/index.php\/stage-bivouac-1ere-partie-bivouac-et-campement-copy\/\" \/>\n<meta property=\"og:site_name\" content=\"B vouaK\" \/>\n<meta property=\"article:modified_time\" content=\"2022-11-23T09:09:14+00:00\" \/>\n<meta property=\"og:image\" content=\"https:\/\/b-vouak.com\/wp-content\/uploads\/2022\/11\/Copy-of-Blue-Orange-Nature-Traveling-Facebook-Cover2-1024x577.png\" \/>\n\t<meta property=\"og:image:width\" content=\"1024\" \/>\n\t<meta property=\"og:image:height\" content=\"577\" \/>\n<meta name=\"twitter:card\" content=\"summary_large_image\" \/>\n<meta name=\"twitter:label1\" content=\"Dur\u00e9e de lecture estim\u00e9e\" \/>\n\t<meta name=\"twitter:data1\" content=\"3 minutes\" \/>\n<script type=\"application\/ld+json\" class=\"yoast-schema-graph\">{\"@context\":\"https:\/\/schema.org\",\"@graph\":[{\"@type\":\"WebSite\",\"@id\":\"https:\/\/b-vouak.com\/#website\",\"url\":\"https:\/\/b-vouak.com\/\",\"name\":\"B vouaK\",\"description\":\"Cr\\u00e9ateurs d&#039;aventure\",\"potentialAction\":[{\"@type\":\"SearchAction\",\"target\":{\"@type\":\"EntryPoint\",\"urlTemplate\":\"https:\/\/b-vouak.com\/?s={search_term_string}\"},\"query-input\":\"required name=search_term_string\"}],\"inLanguage\":\"fr-FR\"},{\"@type\":\"ImageObject\",\"@id\":\"https:\/\/b-vouak.com\/index.php\/stage-bivouac-1ere-partie-bivouac-et-campement-copy\/#primaryimage\",\"inLanguage\":\"fr-FR\",\"url\":\"https:\/\/b-vouak.com\/wp-content\/uploads\/2022\/11\/Copy-of-Blue-Orange-Nature-Traveling-Facebook-Cover2.png\",\"contentUrl\":\"https:\/\/b-vouak.com\/wp-content\/uploads\/2022\/11\/Copy-of-Blue-Orange-Nature-Traveling-Facebook-Cover2.png\",\"width\":1640,\"height\":924},{\"@type\":\"WebPage\",\"@id\":\"https:\/\/b-vouak.com\/index.php\/stage-bivouac-1ere-partie-bivouac-et-campement-copy\/#webpage\",\"url\":\"https:\/\/b-vouak.com\/index.php\/stage-bivouac-1ere-partie-bivouac-et-campement-copy\/\",\"name\":\"Stage bivouac - 2eme partie Survie douce et minimalisme - B vouaK\",\"isPartOf\":{\"@id\":\"https:\/\/b-vouak.com\/#website\"},\"primaryImageOfPage\":{\"@id\":\"https:\/\/b-vouak.com\/index.php\/stage-bivouac-1ere-partie-bivouac-et-campement-copy\/#primaryimage\"},\"datePublished\":\"2022-11-23T09:08:38+00:00\",\"dateModified\":\"2022-11-23T09:09:14+00:00\",\"breadcrumb\":{\"@id\":\"https:\/\/b-vouak.com\/index.php\/stage-bivouac-1ere-partie-bivouac-et-campement-copy\/#breadcrumb\"},\"inLanguage\":\"fr-FR\",\"potentialAction\":[{\"@type\":\"ReadAction\",\"target\":[\"https:\/\/b-vouak.com\/index.php\/stage-bivouac-1ere-partie-bivouac-et-campement-copy\/\"]}]},{\"@type\":\"BreadcrumbList\",\"@id\":\"https:\/\/b-vouak.com\/index.php\/stage-bivouac-1ere-partie-bivouac-et-campement-copy\/#breadcrumb\",\"itemListElement\":[{\"@type\":\"ListItem\",\"position\":1,\"name\":\"Accueil\",\"item\":\"https:\/\/b-vouak.com\/\"},{\"@type\":\"ListItem\",\"position\":2,\"name\":\"Stage bivouac &#8211; 2eme partie Survie douce et minimalisme\"}]}]}<\/script>\n<!-- \/ Yoast SEO plugin. -->","yoast_head_json":{"title":"Stage bivouac - 2eme partie Survie douce et minimalisme - B vouaK","robots":{"index":"index","follow":"follow","max-snippet":"max-snippet:-1","max-image-preview":"max-image-preview:large","max-video-preview":"max-video-preview:-1"},"canonical":"https:\/\/b-vouak.com\/index.php\/stage-bivouac-1ere-partie-bivouac-et-campement-copy\/","og_locale":"fr_FR","og_type":"article","og_title":"Stage bivouac - 2eme partie Survie douce et minimalisme - B vouaK","og_description":"Stage bivouac &#8211; 2eme partie 7 et 8 octobre 2023, Viroinval N&#8217;emportez que l&rsquo;essentiel et portez moins D\u00e9couvrez le go\u00fbt des plantes sauvages Randonnez en harmonie avec votre environnement Je r\u00e9serve! Plus d&rsquo;infos Les points forts Une exp\u00e9rience en communaut\u00e9 Nombreuses recettes de randonn\u00e9es \u00e0 tester D\u00e9couverte des saveurs des plantes sauvages Une exp\u00e9rience en Lire plus ...","og_url":"https:\/\/b-vouak.com\/index.php\/stage-bivouac-1ere-partie-bivouac-et-campement-copy\/","og_site_name":"B vouaK","article_modified_time":"2022-11-23T09:09:14+00:00","og_image":[{"width":1024,"height":577,"url":"https:\/\/b-vouak.com\/wp-content\/uploads\/2022\/11\/Copy-of-Blue-Orange-Nature-Traveling-Facebook-Cover2-1024x577.png","type":"image\/png"}],"twitter_card":"summary_large_image","twitter_misc":{"Dur\u00e9e de lecture estim\u00e9e":"3 minutes"},"schema":{"@context":"https:\/\/schema.org","@graph":[{"@type":"WebSite","@id":"https:\/\/b-vouak.com\/#website","url":"https:\/\/b-vouak.com\/","name":"B vouaK","description":"Cr\u00e9ateurs d&#039;aventure","potentialAction":[{"@type":"SearchAction","target":{"@type":"EntryPoint","urlTemplate":"https:\/\/b-vouak.com\/?s={search_term_string}"},"query-input":"required name=search_term_string"}],"inLanguage":"fr-FR"},{"@type":"ImageObject","@id":"https:\/\/b-vouak.com\/index.php\/stage-bivouac-1ere-partie-bivouac-et-campement-copy\/#primaryimage","inLanguage":"fr-FR","url":"https:\/\/b-vouak.com\/wp-content\/uploads\/2022\/11\/Copy-of-Blue-Orange-Nature-Traveling-Facebook-Cover2.png","contentUrl":"https:\/\/b-vouak.com\/wp-content\/uploads\/2022\/11\/Copy-of-Blue-Orange-Nature-Traveling-Facebook-Cover2.png","width":1640,"height":924},{"@type":"WebPage","@id":"https:\/\/b-vouak.com\/index.php\/stage-bivouac-1ere-partie-bivouac-et-campement-copy\/#webpage","url":"https:\/\/b-vouak.com\/index.php\/stage-bivouac-1ere-partie-bivouac-et-campement-copy\/","name":"Stage bivouac - 2eme partie Survie douce et minimalisme - B vouaK","isPartOf":{"@id":"https:\/\/b-vouak.com\/#website"},"primaryImageOfPage":{"@id":"https:\/\/b-vouak.com\/index.php\/stage-bivouac-1ere-partie-bivouac-et-campement-copy\/#primaryimage"},"datePublished":"2022-11-23T09:08:38+00:00","dateModified":"2022-11-23T09:09:14+00:00","breadcrumb":{"@id":"https:\/\/b-vouak.com\/index.php\/stage-bivouac-1ere-partie-bivouac-et-campement-copy\/#breadcrumb"},"inLanguage":"fr-FR","potentialAction":[{"@type":"ReadAction","target":["https:\/\/b-vouak.com\/index.php\/stage-bivouac-1ere-partie-bivouac-et-campement-copy\/"]}]},{"@type":"BreadcrumbList","@id":"https:\/\/b-vouak.com\/index.php\/stage-bivouac-1ere-partie-bivouac-et-campement-copy\/#breadcrumb","itemListElement":[{"@type":"ListItem","position":1,"name":"Accueil","item":"https:\/\/b-vouak.com\/"},{"@type":"ListItem","position":2,"name":"Stage bivouac &#8211; 2eme partie Survie douce et minimalisme"}]}]}},"_links":{"self":[{"href":"https:\/\/b-vouak.com\/index.php\/wp-json\/wp\/v2\/pages\/419"}],"collection":[{"href":"https:\/\/b-vouak.com\/index.php\/wp-json\/wp\/v2\/pages"}],"about":[{"href":"https:\/\/b-vouak.com\/index.php\/wp-json\/wp\/v2\/types\/page"}],"author":[{"embeddable":true,"href":"https:\/\/b-vouak.com\/index.php\/wp-json\/wp\/v2\/users\/1"}],"replies":[{"embeddable":true,"href":"https:\/\/b-vouak.com\/index.php\/wp-json\/wp\/v2\/comments?post=419"}],"version-history":[{"count":4,"href":"https:\/\/b-vouak.com\/index.php\/wp-json\/wp\/v2\/pages\/419\/revisions"}],"predecessor-version":[{"id":425,"href":"https:\/\/b-vouak.com\/index.php\/wp-json\/wp\/v2\/pages\/419\/revisions\/425"}],"wp:featuredmedia":[{"embeddable":true,"href":"https:\/\/b-vouak.com\/index.php\/wp-json\/wp\/v2\/media\/325"}],"wp:attachment":[{"href":"https:\/\/b-vouak.com\/index.php\/wp-json\/wp\/v2\/media?parent=419"}],"curies":[{"name":"wp","href":"https:\/\/api.w.org\/{rel}","templated":true}]}}